{"id":15394,"date":"2025-05-02T17:40:14","date_gmt":"2025-05-02T21:40:14","guid":{"rendered":"https:\/\/yp.wippetywu.com\/politique-de-confidentialite\/"},"modified":"2025-05-02T23:03:47","modified_gmt":"2025-05-03T03:03:47","slug":"politique-de-confidentialite","status":"publish","type":"page","link":"https:\/\/backtraders.com\/fr\/politique-de-confidentialite\/","title":{"rendered":"Politique de confidentialit\u00e9"},"content":{"rendered":"\n<p>Chez BackTraders, nous appr\u00e9cions et respectons votre vie priv\u00e9e. Cette politique de confidentialit\u00e9 explique les renseignements que nous recueillons \u00e0 votre sujet sur notre site. <\/p>\n\n<h2 class=\"wp-block-heading\">Que faisons-nous de vos renseignements?<\/h2>\n\n<p>Lorsque vous achetez quelque chose dans notre magasin, dans le cadre du processus d\u2019achat et de vente, nous pouvons recueillir les renseignements personnels que vous nous fournissez, tels que votre nom, votre adresse et votre adresse \u00e9lectronique.<\/p>\n\n<p>Lorsque vous naviguez dans notre boutique, nous recevons \u00e9galement automatiquement l\u2019adresse de protocole Internet (IP) de votre ordinateur afin de nous fournir des informations qui nous aident \u00e0 en savoir plus sur votre navigateur et votre syst\u00e8me d\u2019exploitation.<\/p>\n\n<p>Marketing par courriel (le cas \u00e9ch\u00e9ant) : Avec votre permission, nous pouvons vous envoyer des courriels sur notre boutique, de nouveaux produits et d\u2019autres mises \u00e0 jour.<\/p>\n\n<h2 class=\"wp-block-heading\">Comment obtenez-vous mon consentement?<\/h2>\n\n<p>Lorsque vous nous fournissez des renseignements personnels pour effectuer une transaction, v\u00e9rifier votre carte de cr\u00e9dit, passer une commande, organiser une livraison ou retourner un achat, nous impliquons que vous consentez \u00e0 ce que nous les recueillions et les utilisions uniquement pour cette raison sp\u00e9cifique.<\/p>\n\n<p>Si nous vous demandons vos renseignements personnels pour une raison secondaire, comme le marketing, nous vous demanderons directement votre consentement explicite ou vous donnerons l\u2019occasion de dire non.<\/p>\n\n<h2 class=\"wp-block-heading\">Comment puis-je retirer mon consentement?<\/h2>\n\n<p>Si, apr\u00e8s avoir accept\u00e9, vous changez d\u2019avis, vous pouvez retirer votre consentement \u00e0 ce que nous communiquions avec vous, pour la collecte, l\u2019utilisation ou la divulgation continue de vos renseignements, en tout temps, en communiquant avec nous \u00e0 <a href=\"mailto:hello@backtraders.com\">hello@backtraders.com<\/a> ou en nous envoyant un courrier \u00e0 l\u2019adresse suivante :<\/p>\n\n<blockquote class=\"wp-block-quote is-layout-flow wp-block-quote-is-layout-flow\">\n<p>BackTraders (a\/s Y\u00e9lo Pom\u00e9lo inc.)<br\/>428, av. Mont Stephen<br\/>Westmount, Qu\u00e9bec, Canada<\/p>\n<\/blockquote>\n\n<h2 class=\"wp-block-heading\">Publicit\u00e9 en ligne que nous utilisons<\/h2>\n\n<p>Nous utilisons Google AdWords Remarketing pour faire de la publicit\u00e9 pour les backTraders sur Internet. Google AdWords Remarketing affichera des annonces pertinentes adapt\u00e9es \u00e0 vous en fonction des parties de notre site que vous avez consult\u00e9es en pla\u00e7ant un cookie sur votre machine. CE T\u00c9MOIN NE VOUS IDENTIFIE EN AUCUN CAS ET NE DONNE PAS ACC\u00c8S \u00c0 VOTRE ORDINATEUR. Le cookie est utilis\u00e9 pour dire \u00ab Cette personne a visit\u00e9 cette page, alors montrez-lui des publicit\u00e9s relatives \u00e0 cette page \u00bb. Le remarketing Google AdWords nous permet d\u2019adapter notre marketing \u00e0 vos besoins et de n\u2019afficher que des annonces pertinentes pour vous.    <\/p>\n\n<p>Si vous ne souhaitez pas participer \u00e0 notre remarketing Google AdWords, vous pouvez vous d\u00e9sinscrire en visitant <a href=\"https:\/\/www.google.com\/settings\/ads\/onweb\/?sig=ACi0TCh1yimtGw_MCXmyADlHvvNP9ru5SKV9iAKbteqQbUDtboQl0SdUSbwEmoNTXTgnRO-cibkW-SaqoP_hqySYAEFc81F3x_CPdSfJh9l_RsKo6erVcaAnk4XgPtkkyHbV1Pv9yO1rb7AzNUD5rsTct1zzgNfoKIMUxeDT_4FkzCX6sP9tVEyhCzqG6ROQv5tCMf7yyMFhq2MtTRDLTch9bUH9Q9dB0jgIfyeRddAr5tNKR0-C4y20NKYzNXgSDMWONWdq4fSi&amp;hl=en\" target=\"_blank\" rel=\"noreferrer noopener\">le Gestionnaire de pr\u00e9f\u00e9rences publicitaires de Google<\/a>.<\/p>\n\n<h2 class=\"wp-block-heading\">Comment nous utilisons les cookies<\/h2>\n\n<p>Les cookies sont un petit morceau de donn\u00e9es envoy\u00e9 \u00e0 partir d\u2019un site Web et stock\u00e9 dans le navigateur Web de l\u2019utilisateur pendant que l\u2019utilisateur navigue. Ceci est n\u00e9cessaire pour effectuer un achat; Il est possible de visualiser les produits sans activer les cookies. <\/p>\n\n<p>Nous stockons un t\u00e9moin permanent qui est utilis\u00e9 pour vous reconna\u00eetre lorsque vous revenez sur notre site. Cette option est supprim\u00e9e lorsque vous vous d\u00e9connectez de votre compte. <\/p>\n\n<p>Nous recueillons et stockons \u00e9galement des donn\u00e9es sur les cat\u00e9gories et les produits sur lesquels nos clients cliquent ou recherchent, afin de savoir ce qui les int\u00e9resse. Nous le faisons pour \u00eatre en mesure d\u2019am\u00e9liorer l\u2019exp\u00e9rience utilisateur. <\/p>\n\n<h2 class=\"wp-block-heading\">Renseignements personnels et tiers<\/h2>\n\n<p>BackTraders ne vend ni ne partage vos informations avec des tiers. Les tiers ne peuvent acc\u00e9der \u00e0 ces renseignements que si cela est n\u00e9cessaire pour fournir certains services pour notre site. Dans de tels cas, nous respectons des ententes strictes pour maintenir la s\u00e9curit\u00e9 de ces informations.  <\/p>\n\n<h2 class=\"wp-block-heading\">Google Analytics<\/h2>\n\n<p>BackTraders utilise Google Analytics, un service d\u2019analyse Web fourni par Google. Les visites sur ce site Web sont enregistr\u00e9es comme des informations anonymes, \u00e0 l\u2019aide d\u2019un script de Google Analytics. Les informations sont utilis\u00e9es \u00e0 des fins d\u2019analyse statistique afin d\u2019am\u00e9liorer la fonctionnalit\u00e9 de notre site Web. Les renseignements ne contiennent pas de renseignements personnels tra\u00e7ables.   <\/p>\n\n<p>Lors de votre visite, les t\u00e9moins seront stock\u00e9s sous forme de texte sur votre ordinateur. Les informations recueillies par le cookie seront envoy\u00e9es \u00e0 Google et sont stock\u00e9es sur le serveur de l\u2019entreprise. Google utilisera ces informations dans le but d\u2019analyser votre utilisation de notre site, de cr\u00e9er des rapports sur l\u2019activit\u00e9 du site Web pour le propri\u00e9taire de BackTraders et pour d\u2019autres services li\u00e9s \u00e0 l\u2019activit\u00e9 sur notre site et \u00e0 l\u2019utilisation d\u2019Internet.  <\/p>\n\n<p>Google peut transf\u00e9rer ces informations \u00e0 des tiers s\u2019il y a des raisons l\u00e9gales de le faire ou si le tiers traite des informations pour le compte de Google. Google n\u2019\u00e9tablira pas de liens entre votre adresse IP et les autres informations recueillies. <\/p>\n\n<p>Pour emp\u00eacher que vos donn\u00e9es ne soient utilis\u00e9es par Google Analytics, vous pouvez utiliser le module compl\u00e9mentaire de navigateur de d\u00e9sactivation de Google Analytics pour le JavaScript de Google Analytics (ga.js, analytics.js, dc.js), disponible ici : <a href=\"https:\/\/tools.google.com\/dlpage\/gaoptout\/\" target=\"_blank\" rel=\"noreferrer noopener\">https:\/\/tools.google.com\/dlpage\/gaoptout\/<\/a><\/p>\n\n<p>Vous pouvez \u00e9galement d\u00e9sactiver l\u2019utilisation des t\u00e9moins sur votre ordinateur en ajustant les param\u00e8tres de votre navigateur Web. Veuillez noter que cela peut affecter votre exp\u00e9rience utilisateur et certaines fonctions du site Web.<\/p>\n\n<p>En utilisant ce site Web, vous acceptez l\u2019utilisation par Google des informations recueillies telles que d\u00e9crites ci-dessus.<\/p>\n","protected":false},"excerpt":{"rendered":"<p>Chez BackTraders, nous appr\u00e9cions et respectons votre vie priv\u00e9e. Cette politique de confidentialit\u00e9 explique les renseignements que nous recueillons \u00e0 votre sujet sur notre site. Que faisons-nous de vos renseignements? Lorsque vous achetez quelque chose dans notre magasin, dans le cadre du processus d\u2019achat et de vente, nous pouvons recueillir les renseignements personnels que vous [&hellip;]<\/p>\n","protected":false},"author":1,"featured_media":0,"parent":0,"menu_order":0,"comment_status":"closed","ping_status":"open","template":"","meta":{"ocean_post_layout":"","ocean_both_sidebars_style":"","ocean_both_sidebars_content_width":0,"ocean_both_sidebars_sidebars_width":0,"ocean_sidebar":"","ocean_second_sidebar":"","ocean_disable_margins":"enable","ocean_add_body_class":"","ocean_shortcode_before_top_bar":"","ocean_shortcode_after_top_bar":"","ocean_shortcode_before_header":"","ocean_shortcode_after_header":"","ocean_has_shortcode":"","ocean_shortcode_after_title":"","ocean_shortcode_before_footer_widgets":"","ocean_shortcode_after_footer_widgets":"","ocean_shortcode_before_footer_bottom":"","ocean_shortcode_after_footer_bottom":"","ocean_display_top_bar":"default","ocean_display_header":"default","ocean_header_style":"","ocean_center_header_left_menu":"","ocean_custom_header_template":"","ocean_custom_logo":0,"ocean_custom_retina_logo":0,"ocean_custom_logo_max_width":0,"ocean_custom_logo_tablet_max_width":0,"ocean_custom_logo_mobile_max_width":0,"ocean_custom_logo_max_height":0,"ocean_custom_logo_tablet_max_height":0,"ocean_custom_logo_mobile_max_height":0,"ocean_header_custom_menu":"","ocean_menu_typo_font_family":"","ocean_menu_typo_font_subset":"","ocean_menu_typo_font_size":0,"ocean_menu_typo_font_size_tablet":0,"ocean_menu_typo_font_size_mobile":0,"ocean_menu_typo_font_size_unit":"px","ocean_menu_typo_font_weight":"","ocean_menu_typo_font_weight_tablet":"","ocean_menu_typo_font_weight_mobile":"","ocean_menu_typo_transform":"","ocean_menu_typo_transform_tablet":"","ocean_menu_typo_transform_mobile":"","ocean_menu_typo_line_height":0,"ocean_menu_typo_line_height_tablet":0,"ocean_menu_typo_line_height_mobile":0,"ocean_menu_typo_line_height_unit":"","ocean_menu_typo_spacing":0,"ocean_menu_typo_spacing_tablet":0,"ocean_menu_typo_spacing_mobile":0,"ocean_menu_typo_spacing_unit":"","ocean_menu_link_color":"","ocean_menu_link_color_hover":"","ocean_menu_link_color_active":"","ocean_menu_link_background":"","ocean_menu_link_hover_background":"","ocean_menu_link_active_background":"","ocean_menu_social_links_bg":"","ocean_menu_social_hover_links_bg":"","ocean_menu_social_links_color":"","ocean_menu_social_hover_links_color":"","ocean_disable_title":"default","ocean_disable_heading":"default","ocean_post_title":"","ocean_post_subheading":"","ocean_post_title_style":"","ocean_post_title_background_color":"","ocean_post_title_background":0,"ocean_post_title_bg_image_position":"","ocean_post_title_bg_image_attachment":"","ocean_post_title_bg_image_repeat":"","ocean_post_title_bg_image_size":"","ocean_post_title_height":0,"ocean_post_title_bg_overlay":0.5,"ocean_post_title_bg_overlay_color":"","ocean_disable_breadcrumbs":"default","ocean_breadcrumbs_color":"","ocean_breadcrumbs_separator_color":"","ocean_breadcrumbs_links_color":"","ocean_breadcrumbs_links_hover_color":"","ocean_display_footer_widgets":"default","ocean_display_footer_bottom":"default","ocean_custom_footer_template":"","osh_disable_topbar_sticky":"default","osh_disable_header_sticky":"default","osh_sticky_header_style":"default","osh_sticky_header_effect":"","osh_custom_sticky_logo":0,"osh_custom_retina_sticky_logo":0,"osh_custom_sticky_logo_height":0,"osh_background_color":"","osh_links_color":"","osh_links_hover_color":"","osh_links_active_color":"","osh_links_bg_color":"","osh_links_hover_bg_color":"","osh_links_active_bg_color":"","osh_menu_social_links_color":"","osh_menu_social_hover_links_color":"","footnotes":""},"class_list":["post-15394","page","type-page","status-publish","hentry","entry","owp-thumbs-layout-horizontal","owp-btn-big","owp-tabs-layout-vertical","has-no-thumbnails"],"_links":{"self":[{"href":"https:\/\/backtraders.com\/fr\/wp-json\/wp\/v2\/pages\/15394","targetHints":{"allow":["GET"]}}],"collection":[{"href":"https:\/\/backtraders.com\/fr\/wp-json\/wp\/v2\/pages"}],"about":[{"href":"https:\/\/backtraders.com\/fr\/wp-json\/wp\/v2\/types\/page"}],"author":[{"embeddable":true,"href":"https:\/\/backtraders.com\/fr\/wp-json\/wp\/v2\/users\/1"}],"replies":[{"embeddable":true,"href":"https:\/\/backtraders.com\/fr\/wp-json\/wp\/v2\/comments?post=15394"}],"version-history":[{"count":0,"href":"https:\/\/backtraders.com\/fr\/wp-json\/wp\/v2\/pages\/15394\/revisions"}],"wp:attachment":[{"href":"https:\/\/backtraders.com\/fr\/wp-json\/wp\/v2\/media?parent=15394"}],"curies":[{"name":"wp","href":"https:\/\/api.w.org\/{rel}","templated":true}]}}