{"id":15419,"date":"2025-05-02T17:11:14","date_gmt":"2025-05-02T21:11:14","guid":{"rendered":"https:\/\/yp.wippetywu.com\/product\/tasse-a-cafe-wework-we-fckd\/"},"modified":"2025-05-02T17:11:14","modified_gmt":"2025-05-02T21:11:14","slug":"tasse-a-cafe-wework-we-fckd","status":"publish","type":"product","link":"https:\/\/backtraders.com\/fr\/shop\/tasse-a-cafe-wework-we-fckd\/","title":{"rendered":"Tasse \u00e0 caf\u00e9 WeWork \u00ab We FCKD \u00bb"},"content":{"rendered":"<p>Cette tasse \u00e0 caf\u00e9 \u00ab We FCKD \u00bb incarne la culture de l\u2019entreprise technologique en herbe qui servait des shots de tequila \u00e0 ses employ\u00e9s (ainsi qu\u2019une performance priv\u00e9e de Run-DMC) apr\u00e8s avoir annonc\u00e9 des licenciements. We FCKD.<\/p>\n<p>Vous aimerez peut-\u00eatre aussi notre <a href=\"https:\/\/backtraders.com\/shop\/wework-fucked-shirt\/\">chemise WeWork<\/a>.<\/p>\n<h3>\u00c0 propos de cette tasse \u00e0 caf\u00e9 WeWork \u00ab We FCKD \u00bb :<\/h3>\n<p>\u2022 Tasse en c\u00e9ramique blanche avec bord, int\u00e9rieur et poign\u00e9e noirs<br \/>\n\u2022 L\u2019image est imprim\u00e9e des deux c\u00f4t\u00e9s<br \/>\n\u2022 Hauteur : 3,85 po (9,8 cm)<br \/>\n\u2022 Diam\u00e8tre : 3,35 po (8,5 cm)<br \/>\n\u2022 Va au lave-vaisselle et au micro-ondes<\/p>\n<h4>REMARQUE : Cet article est imprim\u00e9 sur commande.<\/h4>\n<p>Nous prenons normalement 2 \u00e0 7 jours ouvrables pour fabriquer nos produits, puis vous devriez ajouter des d\u00e9lais d\u2019exp\u00e9dition en plus de cela. Veuillez consulter la <a href=\"https:\/\/backtraders.com\/frequently-asked-questions\/\">page FAQ<\/a> pour conna\u00eetre les estimations d\u2019ex\u00e9cution actuelles.<\/p>\n","protected":false},"excerpt":{"rendered":"<p>Cette tasse \u00e0 caf\u00e9 \u00ab We FCKD \u00bb incarne la culture de l\u2019entreprise technologique en herbe qui servait des shots de tequila \u00e0 ses employ\u00e9s (ainsi qu\u2019une performance priv\u00e9e de Run-DMC) apr\u00e8s avoir annonc\u00e9 des licenciements. We FCKD. Vous aimerez peut-\u00eatre aussi notre chemise WeWork. \u00c0 propos de cette tasse \u00e0 caf\u00e9 WeWork \u00ab We [&hellip;]<\/p>\n","protected":false},"featured_media":1757,"comment_status":"open","ping_status":"closed","template":"","meta":{"ocean_post_layout":"","ocean_both_sidebars_style":"","ocean_both_sidebars_content_width":0,"ocean_both_sidebars_sidebars_width":0,"ocean_sidebar":"","ocean_second_sidebar":"","ocean_disable_margins":"enable","ocean_add_body_class":"","ocean_shortcode_before_top_bar":"","ocean_shortcode_after_top_bar":"","ocean_shortcode_before_header":"","ocean_shortcode_after_header":"","ocean_has_shortcode":"","ocean_shortcode_after_title":"","ocean_shortcode_before_footer_widgets":"","ocean_shortcode_after_footer_widgets":"","ocean_shortcode_before_footer_bottom":"","ocean_shortcode_after_footer_bottom":"","ocean_display_top_bar":"default","ocean_display_header":"default","ocean_header_style":"","ocean_center_header_left_menu":"","ocean_custom_header_template":"","ocean_custom_logo":0,"ocean_custom_retina_logo":0,"ocean_custom_logo_max_width":0,"ocean_custom_logo_tablet_max_width":0,"ocean_custom_logo_mobile_max_width":0,"ocean_custom_logo_max_height":0,"ocean_custom_logo_tablet_max_height":0,"ocean_custom_logo_mobile_max_height":0,"ocean_header_custom_menu":"","ocean_menu_typo_font_family":"","ocean_menu_typo_font_subset":"","ocean_menu_typo_font_size":0,"ocean_menu_typo_font_size_tablet":0,"ocean_menu_typo_font_size_mobile":0,"ocean_menu_typo_font_size_unit":"px","ocean_menu_typo_font_weight":"","ocean_menu_typo_font_weight_tablet":"","ocean_menu_typo_font_weight_mobile":"","ocean_menu_typo_transform":"","ocean_menu_typo_transform_tablet":"","ocean_menu_typo_transform_mobile":"","ocean_menu_typo_line_height":0,"ocean_menu_typo_line_height_tablet":0,"ocean_menu_typo_line_height_mobile":0,"ocean_menu_typo_line_height_unit":"","ocean_menu_typo_spacing":0,"ocean_menu_typo_spacing_tablet":0,"ocean_menu_typo_spacing_mobile":0,"ocean_menu_typo_spacing_unit":"","ocean_menu_link_color":"","ocean_menu_link_color_hover":"","ocean_menu_link_color_active":"","ocean_menu_link_background":"","ocean_menu_link_hover_background":"","ocean_menu_link_active_background":"","ocean_menu_social_links_bg":"","ocean_menu_social_hover_links_bg":"","ocean_menu_social_links_color":"","ocean_menu_social_hover_links_color":"","ocean_disable_title":"default","ocean_disable_heading":"default","ocean_post_title":"","ocean_post_subheading":"","ocean_post_title_style":"","ocean_post_title_background_color":"","ocean_post_title_background":0,"ocean_post_title_bg_image_position":"","ocean_post_title_bg_image_attachment":"","ocean_post_title_bg_image_repeat":"","ocean_post_title_bg_image_size":"","ocean_post_title_height":0,"ocean_post_title_bg_overlay":0.5,"ocean_post_title_bg_overlay_color":"","ocean_disable_breadcrumbs":"default","ocean_breadcrumbs_color":"","ocean_breadcrumbs_separator_color":"","ocean_breadcrumbs_links_color":"","ocean_breadcrumbs_links_hover_color":"","ocean_display_footer_widgets":"default","ocean_display_footer_bottom":"default","ocean_custom_footer_template":"","osh_disable_topbar_sticky":"default","osh_disable_header_sticky":"default","osh_sticky_header_style":"default","osh_sticky_header_effect":"","osh_custom_sticky_logo":0,"osh_custom_retina_sticky_logo":0,"osh_custom_sticky_logo_height":0,"osh_background_color":"","osh_links_color":"","osh_links_hover_color":"","osh_links_active_color":"","osh_links_bg_color":"","osh_links_hover_bg_color":"","osh_links_active_bg_color":"","osh_menu_social_links_color":"","osh_menu_social_hover_links_color":""},"product_brand":[],"product_cat":[101,100],"product_tag":[108],"class_list":{"0":"post-15419","1":"product","2":"type-product","3":"status-publish","4":"has-post-thumbnail","6":"product_cat-memes-dinvestissement","7":"product_cat-memes-techno","8":"product_tag-wework-fr","10":"entry","11":"has-media","13":"first","14":"instock","15":"taxable","16":"shipping-taxable","17":"purchasable","18":"product-type-simple","19":"col","20":"span_1_of_3","21":"owp-content-center","22":"owp-thumbs-layout-horizontal","23":"owp-btn-big","24":"owp-tabs-layout-vertical"},"_links":{"self":[{"href":"https:\/\/backtraders.com\/fr\/wp-json\/wp\/v2\/product\/15419","targetHints":{"allow":["GET"]}}],"collection":[{"href":"https:\/\/backtraders.com\/fr\/wp-json\/wp\/v2\/product"}],"about":[{"href":"https:\/\/backtraders.com\/fr\/wp-json\/wp\/v2\/types\/product"}],"replies":[{"embeddable":true,"href":"https:\/\/backtraders.com\/fr\/wp-json\/wp\/v2\/comments?post=15419"}],"wp:featuredmedia":[{"embeddable":true,"href":"https:\/\/backtraders.com\/fr\/wp-json\/wp\/v2\/media\/1757"}],"wp:attachment":[{"href":"https:\/\/backtraders.com\/fr\/wp-json\/wp\/v2\/media?parent=15419"}],"wp:term":[{"taxonomy":"product_brand","embeddable":true,"href":"https:\/\/backtraders.com\/fr\/wp-json\/wp\/v2\/product_brand?post=15419"},{"taxonomy":"product_cat","embeddable":true,"href":"https:\/\/backtraders.com\/fr\/wp-json\/wp\/v2\/product_cat?post=15419"},{"taxonomy":"product_tag","embeddable":true,"href":"https:\/\/backtraders.com\/fr\/wp-json\/wp\/v2\/product_tag?post=15419"}],"curies":[{"name":"wp","href":"https:\/\/api.w.org\/{rel}","templated":true}]}}