{"id":15683,"date":"2025-05-02T17:08:26","date_gmt":"2025-05-02T21:08:26","guid":{"rendered":"https:\/\/backtraders.com\/shop\/tasse-funding-secured\/"},"modified":"2025-05-06T21:07:03","modified_gmt":"2025-05-07T01:07:03","slug":"tasse-funding-secured","status":"publish","type":"product","link":"https:\/\/backtraders.com\/fr\/shop\/tasse-funding-secured\/","title":{"rendered":"Tasse \u00ab Funding Secured \u00bb"},"content":{"rendered":"<p>Votre caf\u00e9 du matin n\u2019a jamais eu meilleur go\u00fbt que dans cette tasse \u00ab Funding Secured \u00bb. Le texte est imprim\u00e9 recto-verso, \u00e0 l\u2019aide de la police Tesla.<\/p>\n<p>Ce design a \u00e9t\u00e9 inspir\u00e9 par le d\u00e9sormais tristement c\u00e9l\u00e8bre <a href=\"https:\/\/twitter.com\/elonmusk\/status\/1026872652290379776?lang=en\" target=\"_blank\" rel=\"noopener noreferrer\">tweet d\u2019Elon Musk<\/a> :<\/p>\n<blockquote><p>Am considering taking Tesla private at $420. Funding secured.<\/p><\/blockquote>\n<p>Faites-en un ensemble assorti avec notre <a href=\"https:\/\/backtraders.com\/shop\/funding-secured-t-shirt-tesla-font\/\">t-shirt \u00ab Funding Secured \u00bb (police Tesla)<\/a> ou notre <a href=\"https:\/\/backtraders.com\/shop\/funding-secured-beanie\/\">tuque \u00ab Funding Secured \u00bb<\/a>!<\/p>\n<p>En savoir plus sur cette tasse \u00ab Funding Secured \u00bb :<br \/>\n\u2022 C\u00e9ramique<br \/>\n\u2022 Va au lave-vaisselle et au micro-ondes<br \/>\n\u2022 Blanc et brillant<\/p>\n<h4>REMARQUE : Cet article est imprim\u00e9 sur commande.<\/h4>\n<p>Nous prenons normalement 2 \u00e0 7 jours ouvrables pour fabriquer nos produits, puis vous devriez ajouter des d\u00e9lais d\u2019exp\u00e9dition en plus de cela. Veuillez consulter la <a href=\"https:\/\/backtraders.com\/frequently-asked-questions\/\">page FAQ<\/a> pour conna\u00eetre les estimations d\u2019ex\u00e9cution actuelles. <\/p>\n","protected":false},"excerpt":{"rendered":"<p>Votre caf\u00e9 du matin n\u2019a jamais eu meilleur go\u00fbt que dans cette tasse \u00ab Funding Secured \u00bb. Le texte est imprim\u00e9 recto-verso, \u00e0 l\u2019aide de la police Tesla. Ce design a \u00e9t\u00e9 inspir\u00e9 par le d\u00e9sormais tristement c\u00e9l\u00e8bre tweet d\u2019Elon Musk : Am considering taking Tesla private at $420. Funding secured. Faites-en un ensemble assorti [&hellip;]<\/p>\n","protected":false},"featured_media":1255,"comment_status":"open","ping_status":"closed","template":"","meta":{"ocean_post_layout":"","ocean_both_sidebars_style":"","ocean_both_sidebars_content_width":0,"ocean_both_sidebars_sidebars_width":0,"ocean_sidebar":"","ocean_second_sidebar":"","ocean_disable_margins":"enable","ocean_add_body_class":"","ocean_shortcode_before_top_bar":"","ocean_shortcode_after_top_bar":"","ocean_shortcode_before_header":"","ocean_shortcode_after_header":"","ocean_has_shortcode":"","ocean_shortcode_after_title":"","ocean_shortcode_before_footer_widgets":"","ocean_shortcode_after_footer_widgets":"","ocean_shortcode_before_footer_bottom":"","ocean_shortcode_after_footer_bottom":"","ocean_display_top_bar":"default","ocean_display_header":"default","ocean_header_style":"","ocean_center_header_left_menu":"","ocean_custom_header_template":"","ocean_custom_logo":0,"ocean_custom_retina_logo":0,"ocean_custom_logo_max_width":0,"ocean_custom_logo_tablet_max_width":0,"ocean_custom_logo_mobile_max_width":0,"ocean_custom_logo_max_height":0,"ocean_custom_logo_tablet_max_height":0,"ocean_custom_logo_mobile_max_height":0,"ocean_header_custom_menu":"","ocean_menu_typo_font_family":"","ocean_menu_typo_font_subset":"","ocean_menu_typo_font_size":0,"ocean_menu_typo_font_size_tablet":0,"ocean_menu_typo_font_size_mobile":0,"ocean_menu_typo_font_size_unit":"px","ocean_menu_typo_font_weight":"","ocean_menu_typo_font_weight_tablet":"","ocean_menu_typo_font_weight_mobile":"","ocean_menu_typo_transform":"","ocean_menu_typo_transform_tablet":"","ocean_menu_typo_transform_mobile":"","ocean_menu_typo_line_height":0,"ocean_menu_typo_line_height_tablet":0,"ocean_menu_typo_line_height_mobile":0,"ocean_menu_typo_line_height_unit":"","ocean_menu_typo_spacing":0,"ocean_menu_typo_spacing_tablet":0,"ocean_menu_typo_spacing_mobile":0,"ocean_menu_typo_spacing_unit":"","ocean_menu_link_color":"","ocean_menu_link_color_hover":"","ocean_menu_link_color_active":"","ocean_menu_link_background":"","ocean_menu_link_hover_background":"","ocean_menu_link_active_background":"","ocean_menu_social_links_bg":"","ocean_menu_social_hover_links_bg":"","ocean_menu_social_links_color":"","ocean_menu_social_hover_links_color":"","ocean_disable_title":"default","ocean_disable_heading":"default","ocean_post_title":"","ocean_post_subheading":"","ocean_post_title_style":"","ocean_post_title_background_color":"","ocean_post_title_background":0,"ocean_post_title_bg_image_position":"","ocean_post_title_bg_image_attachment":"","ocean_post_title_bg_image_repeat":"","ocean_post_title_bg_image_size":"","ocean_post_title_height":0,"ocean_post_title_bg_overlay":0.5,"ocean_post_title_bg_overlay_color":"","ocean_disable_breadcrumbs":"default","ocean_breadcrumbs_color":"","ocean_breadcrumbs_separator_color":"","ocean_breadcrumbs_links_color":"","ocean_breadcrumbs_links_hover_color":"","ocean_display_footer_widgets":"default","ocean_display_footer_bottom":"default","ocean_custom_footer_template":"","osh_disable_topbar_sticky":"default","osh_disable_header_sticky":"default","osh_sticky_header_style":"default","osh_sticky_header_effect":"","osh_custom_sticky_logo":0,"osh_custom_retina_sticky_logo":0,"osh_custom_sticky_logo_height":0,"osh_background_color":"","osh_links_color":"","osh_links_hover_color":"","osh_links_active_color":"","osh_links_bg_color":"","osh_links_hover_bg_color":"","osh_links_active_bg_color":"","osh_menu_social_links_color":"","osh_menu_social_hover_links_color":""},"product_brand":[],"product_cat":[100,102],"product_tag":[],"class_list":{"0":"post-15683","1":"product","2":"type-product","3":"status-publish","4":"has-post-thumbnail","6":"product_cat-memes-techno","7":"product_cat-memes-tesla","9":"entry","10":"has-media","12":"first","13":"instock","14":"taxable","15":"shipping-taxable","16":"purchasable","17":"product-type-variable","18":"col","19":"span_1_of_3","20":"owp-content-center","21":"owp-thumbs-layout-horizontal","22":"owp-btn-big","23":"owp-tabs-layout-vertical"},"_links":{"self":[{"href":"https:\/\/backtraders.com\/fr\/wp-json\/wp\/v2\/product\/15683","targetHints":{"allow":["GET"]}}],"collection":[{"href":"https:\/\/backtraders.com\/fr\/wp-json\/wp\/v2\/product"}],"about":[{"href":"https:\/\/backtraders.com\/fr\/wp-json\/wp\/v2\/types\/product"}],"replies":[{"embeddable":true,"href":"https:\/\/backtraders.com\/fr\/wp-json\/wp\/v2\/comments?post=15683"}],"wp:featuredmedia":[{"embeddable":true,"href":"https:\/\/backtraders.com\/fr\/wp-json\/wp\/v2\/media\/1255"}],"wp:attachment":[{"href":"https:\/\/backtraders.com\/fr\/wp-json\/wp\/v2\/media?parent=15683"}],"wp:term":[{"taxonomy":"product_brand","embeddable":true,"href":"https:\/\/backtraders.com\/fr\/wp-json\/wp\/v2\/product_brand?post=15683"},{"taxonomy":"product_cat","embeddable":true,"href":"https:\/\/backtraders.com\/fr\/wp-json\/wp\/v2\/product_cat?post=15683"},{"taxonomy":"product_tag","embeddable":true,"href":"https:\/\/backtraders.com\/fr\/wp-json\/wp\/v2\/product_tag?post=15683"}],"curies":[{"name":"wp","href":"https:\/\/api.w.org\/{rel}","templated":true}]}}