{"id":15889,"date":"2025-05-02T17:08:51","date_gmt":"2025-05-02T21:08:51","guid":{"rendered":"https:\/\/backtraders.com\/shop\/t-shirt-maga-vladimir-poutine\/"},"modified":"2025-11-03T03:53:37","modified_gmt":"2025-11-03T07:53:37","slug":"t-shirt-maga-vladimir-poutine","status":"publish","type":"product","link":"https:\/\/backtraders.com\/fr\/shop\/t-shirt-maga-vladimir-poutine\/","title":{"rendered":"T-shirt MAGA Vladimir Poutine"},"content":{"rendered":"<p>Ce t-shirt MAGA de Vladimir Poutine montre le dirigeant russe exalt\u00e9 dans ses efforts pour rendre l\u2019Am\u00e9rique grande \u00e0 nouveau.<\/p>\n<p>Image d\u00e9riv\u00e9e d\u2019une photo de Vladimir Poutine en mars 2018, tir\u00e9e du site Web du pr\u00e9sident de la F\u00e9d\u00e9ration de Russie, <a href=\"http:\/\/www.kremlin.ru\">www.kremlin.ru<\/a> (licence Creative Commons Attribution 4.0).<\/p>\n<p>\u00c0 propos de ce t-shirt MAGA Vladimir Poutine :<br \/>\n\u2022 Les couleurs unies sont fabriqu\u00e9es \u00e0 partir de coton 100% peign\u00e9 et fil\u00e9 \u00e0 l\u2019anneau; le gris chin\u00e9 athl\u00e9tique est fabriqu\u00e9 \u00e0 partir de 90% de coton peign\u00e9 et fil\u00e9 \u00e0 l\u2019anneau et de 10% de polyester.<br \/>\n\u2022 Poids du tissu : 4,2 oz (142 g\/m2)<br \/>\n\u2022 Ruban d\u2019\u00e9paule \u00e0 \u00e9paule et coutures lat\u00e9rales<\/p>\n<h4>REMARQUE : Cet article est imprim\u00e9 sur commande.<\/h4>\n<p>Nous prenons normalement 2 \u00e0 7 jours ouvrables pour fabriquer nos produits, puis vous devriez ajouter des d\u00e9lais d\u2019exp\u00e9dition en plus de cela. Veuillez consulter la <a href=\"https:\/\/backtraders.com\/frequently-asked-questions\/\">page FAQ<\/a> pour conna\u00eetre les estimations d\u2019ex\u00e9cution actuelles. <\/p>\n","protected":false},"excerpt":{"rendered":"<p>Ce t-shirt MAGA de Vladimir Poutine montre le dirigeant russe exalt\u00e9 dans ses efforts pour rendre l\u2019Am\u00e9rique grande \u00e0 nouveau. Image d\u00e9riv\u00e9e d\u2019une photo de Vladimir Poutine en mars 2018, tir\u00e9e du site Web du pr\u00e9sident de la F\u00e9d\u00e9ration de Russie, www.kremlin.ru (licence Creative Commons Attribution 4.0). \u00c0 propos de ce t-shirt MAGA Vladimir Poutine [&hellip;]<\/p>\n","protected":false},"featured_media":1404,"comment_status":"open","ping_status":"closed","template":"","meta":{"ocean_post_layout":"","ocean_both_sidebars_style":"","ocean_both_sidebars_content_width":0,"ocean_both_sidebars_sidebars_width":0,"ocean_sidebar":"","ocean_second_sidebar":"","ocean_disable_margins":"enable","ocean_add_body_class":"","ocean_shortcode_before_top_bar":"","ocean_shortcode_after_top_bar":"","ocean_shortcode_before_header":"","ocean_shortcode_after_header":"","ocean_has_shortcode":"","ocean_shortcode_after_title":"","ocean_shortcode_before_footer_widgets":"","ocean_shortcode_after_footer_widgets":"","ocean_shortcode_before_footer_bottom":"","ocean_shortcode_after_footer_bottom":"","ocean_display_top_bar":"default","ocean_display_header":"default","ocean_header_style":"","ocean_center_header_left_menu":"","ocean_custom_header_template":"","ocean_custom_logo":0,"ocean_custom_retina_logo":0,"ocean_custom_logo_max_width":0,"ocean_custom_logo_tablet_max_width":0,"ocean_custom_logo_mobile_max_width":0,"ocean_custom_logo_max_height":0,"ocean_custom_logo_tablet_max_height":0,"ocean_custom_logo_mobile_max_height":0,"ocean_header_custom_menu":"","ocean_menu_typo_font_family":"","ocean_menu_typo_font_subset":"","ocean_menu_typo_font_size":0,"ocean_menu_typo_font_size_tablet":0,"ocean_menu_typo_font_size_mobile":0,"ocean_menu_typo_font_size_unit":"px","ocean_menu_typo_font_weight":"","ocean_menu_typo_font_weight_tablet":"","ocean_menu_typo_font_weight_mobile":"","ocean_menu_typo_transform":"","ocean_menu_typo_transform_tablet":"","ocean_menu_typo_transform_mobile":"","ocean_menu_typo_line_height":0,"ocean_menu_typo_line_height_tablet":0,"ocean_menu_typo_line_height_mobile":0,"ocean_menu_typo_line_height_unit":"","ocean_menu_typo_spacing":0,"ocean_menu_typo_spacing_tablet":0,"ocean_menu_typo_spacing_mobile":0,"ocean_menu_typo_spacing_unit":"","ocean_menu_link_color":"","ocean_menu_link_color_hover":"","ocean_menu_link_color_active":"","ocean_menu_link_background":"","ocean_menu_link_hover_background":"","ocean_menu_link_active_background":"","ocean_menu_social_links_bg":"","ocean_menu_social_hover_links_bg":"","ocean_menu_social_links_color":"","ocean_menu_social_hover_links_color":"","ocean_disable_title":"default","ocean_disable_heading":"default","ocean_post_title":"","ocean_post_subheading":"","ocean_post_title_style":"","ocean_post_title_background_color":"","ocean_post_title_background":0,"ocean_post_title_bg_image_position":"","ocean_post_title_bg_image_attachment":"","ocean_post_title_bg_image_repeat":"","ocean_post_title_bg_image_size":"","ocean_post_title_height":0,"ocean_post_title_bg_overlay":0.5,"ocean_post_title_bg_overlay_color":"","ocean_disable_breadcrumbs":"default","ocean_breadcrumbs_color":"","ocean_breadcrumbs_separator_color":"","ocean_breadcrumbs_links_color":"","ocean_breadcrumbs_links_hover_color":"","ocean_display_footer_widgets":"default","ocean_display_footer_bottom":"default","ocean_custom_footer_template":"","osh_disable_topbar_sticky":"default","osh_disable_header_sticky":"default","osh_sticky_header_style":"default","osh_sticky_header_effect":"","osh_custom_sticky_logo":0,"osh_custom_retina_sticky_logo":0,"osh_custom_sticky_logo_height":0,"osh_background_color":"","osh_links_color":"","osh_links_hover_color":"","osh_links_active_color":"","osh_links_bg_color":"","osh_links_hover_bg_color":"","osh_links_active_bg_color":"","osh_menu_social_links_color":"","osh_menu_social_hover_links_color":""},"product_brand":[],"product_cat":[105],"product_tag":[110,107,106],"class_list":{"0":"post-15889","1":"product","2":"type-product","3":"status-publish","4":"has-post-thumbnail","6":"product_cat-chefs-supremement-exaltes","7":"product_tag-maga-fr","8":"product_tag-poutine","9":"product_tag-trump-fr","11":"entry","12":"has-media","14":"first","15":"instock","16":"taxable","17":"shipping-taxable","18":"purchasable","19":"product-type-variable","20":"col","21":"span_1_of_3","22":"owp-content-center","23":"owp-thumbs-layout-horizontal","24":"owp-btn-big","25":"owp-tabs-layout-vertical"},"_links":{"self":[{"href":"https:\/\/backtraders.com\/fr\/wp-json\/wp\/v2\/product\/15889","targetHints":{"allow":["GET"]}}],"collection":[{"href":"https:\/\/backtraders.com\/fr\/wp-json\/wp\/v2\/product"}],"about":[{"href":"https:\/\/backtraders.com\/fr\/wp-json\/wp\/v2\/types\/product"}],"replies":[{"embeddable":true,"href":"https:\/\/backtraders.com\/fr\/wp-json\/wp\/v2\/comments?post=15889"}],"wp:featuredmedia":[{"embeddable":true,"href":"https:\/\/backtraders.com\/fr\/wp-json\/wp\/v2\/media\/1404"}],"wp:attachment":[{"href":"https:\/\/backtraders.com\/fr\/wp-json\/wp\/v2\/media?parent=15889"}],"wp:term":[{"taxonomy":"product_brand","embeddable":true,"href":"https:\/\/backtraders.com\/fr\/wp-json\/wp\/v2\/product_brand?post=15889"},{"taxonomy":"product_cat","embeddable":true,"href":"https:\/\/backtraders.com\/fr\/wp-json\/wp\/v2\/product_cat?post=15889"},{"taxonomy":"product_tag","embeddable":true,"href":"https:\/\/backtraders.com\/fr\/wp-json\/wp\/v2\/product_tag?post=15889"}],"curies":[{"name":"wp","href":"https:\/\/api.w.org\/{rel}","templated":true}]}}