{"id":15930,"date":"2025-05-02T17:09:29","date_gmt":"2025-05-02T21:09:29","guid":{"rendered":"https:\/\/backtraders.com\/shop\/t-shirt-du-president-mao-ajoutez-votre-propre-texte\/"},"modified":"2025-05-02T17:09:29","modified_gmt":"2025-05-02T21:09:29","slug":"t-shirt-du-president-mao-ajoutez-votre-propre-texte","status":"publish","type":"product","link":"https:\/\/backtraders.com\/fr\/shop\/t-shirt-du-president-mao-ajoutez-votre-propre-texte\/","title":{"rendered":"T-shirt du pr\u00e9sident Mao, ajoutez votre propre texte"},"content":{"rendered":"<p>Ce t-shirt du pr\u00e9sident Mao pr\u00e9sente une image du dirigeant mondial controvers\u00e9 sur un t-shirt 100% coton. Personnalisez-le avec votre propre texte! <\/p>\n<p><strong>NOTEZ QUE LE BOUTON DE PERSONNALISATION NE FONCTIONNERA PAS TANT QUE VOUS N\u2019AUREZ PAS CHOISI LA COULEUR ET LA TAILLE DE VOTRE CHEMISE.<\/strong><\/p>\n<p>L\u2019image du t-shirt est bas\u00e9e sur une photo du pr\u00e9sident Mao du domaine public datant de 1963.<\/p>\n<p>Cr\u00e9dit\u00e9 d\u2019avoir chass\u00e9 l\u2019imp\u00e9rialisme de Chine, de promouvoir le statut des femmes, d\u2019am\u00e9liorer l\u2019\u00e9ducation et les soins de sant\u00e9 et d\u2019augmenter l\u2019esp\u00e9rance de vie, Mao Zedong a \u00e9galement provoqu\u00e9 une r\u00e9pression de masse, d\u00e9truit des sites religieux et culturels et a \u00e9t\u00e9 responsable d\u2019environ 30 \u00e0 70 millions de morts.<\/p>\n<h3>\u00c0 propos de ce t-shirt du pr\u00e9sident Mao :<\/h3>\n<p>\u2022 100% coton peign\u00e9 et fil\u00e9 \u00e0 l\u2019anneau<br \/>\n\u2022 Ruban d\u2019\u00e9paule \u00e0 \u00e9paule<br \/>\n\u2022 Coutures lat\u00e9rales<\/p>\n<h4>REMARQUE : Cet article est imprim\u00e9 sur commande.<\/h4>\n<p>Nous prenons normalement 2 \u00e0 7 jours ouvrables pour fabriquer nos produits, puis vous devriez ajouter des d\u00e9lais d\u2019exp\u00e9dition en plus de cela. Veuillez consulter la <a href=\"https:\/\/backtraders.com\/frequently-asked-questions\/\">page FAQ<\/a> pour conna\u00eetre les estimations d\u2019ex\u00e9cution actuelles. <\/p>\n","protected":false},"excerpt":{"rendered":"<p>Ce t-shirt du pr\u00e9sident Mao pr\u00e9sente une image du dirigeant mondial controvers\u00e9 sur un t-shirt 100% coton. Personnalisez-le avec votre propre texte! NOTEZ QUE LE BOUTON DE PERSONNALISATION NE FONCTIONNERA PAS TANT QUE VOUS N\u2019AUREZ PAS CHOISI LA COULEUR ET LA TAILLE DE VOTRE CHEMISE. L\u2019image du t-shirt est bas\u00e9e sur une photo du pr\u00e9sident [&hellip;]<\/p>\n","protected":false},"featured_media":1505,"comment_status":"open","ping_status":"closed","template":"","meta":{"ocean_post_layout":"","ocean_both_sidebars_style":"","ocean_both_sidebars_content_width":0,"ocean_both_sidebars_sidebars_width":0,"ocean_sidebar":"","ocean_second_sidebar":"","ocean_disable_margins":"enable","ocean_add_body_class":"","ocean_shortcode_before_top_bar":"","ocean_shortcode_after_top_bar":"","ocean_shortcode_before_header":"","ocean_shortcode_after_header":"","ocean_has_shortcode":"","ocean_shortcode_after_title":"","ocean_shortcode_before_footer_widgets":"","ocean_shortcode_after_footer_widgets":"","ocean_shortcode_before_footer_bottom":"","ocean_shortcode_after_footer_bottom":"","ocean_display_top_bar":"default","ocean_display_header":"default","ocean_header_style":"","ocean_center_header_left_menu":"","ocean_custom_header_template":"","ocean_custom_logo":0,"ocean_custom_retina_logo":0,"ocean_custom_logo_max_width":0,"ocean_custom_logo_tablet_max_width":0,"ocean_custom_logo_mobile_max_width":0,"ocean_custom_logo_max_height":0,"ocean_custom_logo_tablet_max_height":0,"ocean_custom_logo_mobile_max_height":0,"ocean_header_custom_menu":"","ocean_menu_typo_font_family":"","ocean_menu_typo_font_subset":"","ocean_menu_typo_font_size":0,"ocean_menu_typo_font_size_tablet":0,"ocean_menu_typo_font_size_mobile":0,"ocean_menu_typo_font_size_unit":"px","ocean_menu_typo_font_weight":"","ocean_menu_typo_font_weight_tablet":"","ocean_menu_typo_font_weight_mobile":"","ocean_menu_typo_transform":"","ocean_menu_typo_transform_tablet":"","ocean_menu_typo_transform_mobile":"","ocean_menu_typo_line_height":0,"ocean_menu_typo_line_height_tablet":0,"ocean_menu_typo_line_height_mobile":0,"ocean_menu_typo_line_height_unit":"","ocean_menu_typo_spacing":0,"ocean_menu_typo_spacing_tablet":0,"ocean_menu_typo_spacing_mobile":0,"ocean_menu_typo_spacing_unit":"","ocean_menu_link_color":"","ocean_menu_link_color_hover":"","ocean_menu_link_color_active":"","ocean_menu_link_background":"","ocean_menu_link_hover_background":"","ocean_menu_link_active_background":"","ocean_menu_social_links_bg":"","ocean_menu_social_hover_links_bg":"","ocean_menu_social_links_color":"","ocean_menu_social_hover_links_color":"","ocean_disable_title":"default","ocean_disable_heading":"default","ocean_post_title":"","ocean_post_subheading":"","ocean_post_title_style":"","ocean_post_title_background_color":"","ocean_post_title_background":0,"ocean_post_title_bg_image_position":"","ocean_post_title_bg_image_attachment":"","ocean_post_title_bg_image_repeat":"","ocean_post_title_bg_image_size":"","ocean_post_title_height":0,"ocean_post_title_bg_overlay":0.5,"ocean_post_title_bg_overlay_color":"","ocean_disable_breadcrumbs":"default","ocean_breadcrumbs_color":"","ocean_breadcrumbs_separator_color":"","ocean_breadcrumbs_links_color":"","ocean_breadcrumbs_links_hover_color":"","ocean_display_footer_widgets":"default","ocean_display_footer_bottom":"default","ocean_custom_footer_template":"","osh_disable_topbar_sticky":"default","osh_disable_header_sticky":"default","osh_sticky_header_style":"default","osh_sticky_header_effect":"","osh_custom_sticky_logo":0,"osh_custom_retina_sticky_logo":0,"osh_custom_sticky_logo_height":0,"osh_background_color":"","osh_links_color":"","osh_links_hover_color":"","osh_links_active_color":"","osh_links_bg_color":"","osh_links_hover_bg_color":"","osh_links_active_bg_color":"","osh_menu_social_links_color":"","osh_menu_social_hover_links_color":""},"product_brand":[],"product_cat":[105],"product_tag":[],"class_list":{"0":"post-15930","1":"product","2":"type-product","3":"status-publish","4":"has-post-thumbnail","6":"product_cat-chefs-supremement-exaltes","8":"entry","9":"has-media","11":"first","12":"instock","13":"taxable","14":"shipping-taxable","15":"purchasable","16":"product-type-variable","17":"col","18":"span_1_of_3","19":"owp-content-center","20":"owp-thumbs-layout-horizontal","21":"owp-btn-big","22":"owp-tabs-layout-vertical"},"_links":{"self":[{"href":"https:\/\/backtraders.com\/fr\/wp-json\/wp\/v2\/product\/15930","targetHints":{"allow":["GET"]}}],"collection":[{"href":"https:\/\/backtraders.com\/fr\/wp-json\/wp\/v2\/product"}],"about":[{"href":"https:\/\/backtraders.com\/fr\/wp-json\/wp\/v2\/types\/product"}],"replies":[{"embeddable":true,"href":"https:\/\/backtraders.com\/fr\/wp-json\/wp\/v2\/comments?post=15930"}],"wp:featuredmedia":[{"embeddable":true,"href":"https:\/\/backtraders.com\/fr\/wp-json\/wp\/v2\/media\/1505"}],"wp:attachment":[{"href":"https:\/\/backtraders.com\/fr\/wp-json\/wp\/v2\/media?parent=15930"}],"wp:term":[{"taxonomy":"product_brand","embeddable":true,"href":"https:\/\/backtraders.com\/fr\/wp-json\/wp\/v2\/product_brand?post=15930"},{"taxonomy":"product_cat","embeddable":true,"href":"https:\/\/backtraders.com\/fr\/wp-json\/wp\/v2\/product_cat?post=15930"},{"taxonomy":"product_tag","embeddable":true,"href":"https:\/\/backtraders.com\/fr\/wp-json\/wp\/v2\/product_tag?post=15930"}],"curies":[{"name":"wp","href":"https:\/\/api.w.org\/{rel}","templated":true}]}}